{"id":2,"date":"2023-06-21T22:57:38","date_gmt":"2023-06-21T20:57:38","guid":{"rendered":"http:\/\/kdnetworksolutions.eu\/?page_id=2"},"modified":"2023-07-31T16:58:13","modified_gmt":"2023-07-31T14:58:13","slug":"page-d-exemple","status":"publish","type":"page","link":"https:\/\/kdnetworksolutions.eu\/","title":{"rendered":"&#8220;La puissance d&#8217;un Community Manager au service de votre succ\u00e8s !"},"content":{"rendered":"\n<p><\/p>\n\n\n\n<ol class=\"wp-block-list\">\n<li><strong>\u00c9merveillez vos clients en ligne<\/strong> : Notre brillant Community Manager cr\u00e9e et fa\u00e7onne avec maestria votre pr\u00e9sence en ligne, vous offrant une vitrine \u00e9poustouflante sur les m\u00e9dias sociaux les plus en vue.<\/li>\n\n\n\n<li><strong>Engagement qui fait vibrer<\/strong> : Il\/elle poss\u00e8de le don de captiver votre audience en \u00e9tablissant des connexions authentiques. Chaque commentaire, mention et message est trait\u00e9 avec une attention enchanteresse pour susciter un engagement durable.<\/li>\n\n\n\n<li><strong>R\u00e9putation imp\u00e9riale<\/strong> : Notre expert garde un \u0153il vigilant sur votre r\u00e9putation en ligne, g\u00e9rant avec une aisance in\u00e9gal\u00e9e les retours positifs comme les d\u00e9fis, renfor\u00e7ant ainsi votre image de marque et votre cr\u00e9dibilit\u00e9.<\/li>\n\n\n\n<li><strong>Contenu \u00e0 couper le souffle<\/strong> : Avec un sens artistique inn\u00e9, il\/elle donne vie \u00e0 votre marque gr\u00e2ce \u00e0 des contenus \u00e0 couper le souffle. Des publications saisissantes, des images captivantes, des vid\u00e9os envo\u00fbtantes, et plus encore, pour une exp\u00e9rience inoubliable.<\/li>\n\n\n\n<li><strong>Strat\u00e9gie magistrale<\/strong> : Tel un prodige des donn\u00e9es, notre Community Manager analyse avec une perspicacit\u00e9 remarquable les performances sur les r\u00e9seaux sociaux, peaufinant constamment votre strat\u00e9gie pour des r\u00e9sultats extraordinaires.<\/li>\n\n\n\n<li><strong>Vigilance \u00e9clair\u00e9e<\/strong> : Toujours en veille, il\/elle suit de pr\u00e8s vos concurrents, d\u00e9celant les opportunit\u00e9s cach\u00e9es et vous permettant de dominer le march\u00e9 avec une longueur d&#8217;avance.<\/li>\n\n\n\n<li><strong>Gestion de crise experte<\/strong> : En cas de tourmente digitale, notre expert intervient avec calme et comp\u00e9tence, apportant des solutions magistrales et pr\u00e9servant l&#8217;int\u00e9grit\u00e9 de votre marque.<\/li>\n\n\n\n<li><strong>Communaut\u00e9 soud\u00e9e et fid\u00e8le<\/strong> : Avec charisme et empathie, il\/elle construit une communaut\u00e9 soud\u00e9e autour de votre marque, faisant des adeptes de v\u00e9ritables ambassadeurs de votre vision.<\/li>\n\n\n\n<li><strong>Service client d&#8217;exception<\/strong> : Notre Community Manager s&#8217;engage \u00e0 fournir un service client d&#8217;exception, r\u00e9pondant aux besoins de vos clients avec une attention personnalis\u00e9e.<\/li>\n\n\n\n<li><strong>Rayonnement sans \u00e9gal<\/strong> : Gr\u00e2ce \u00e0 son expertise, votre marque rayonne d&#8217;une aura magn\u00e9tique, attirant des vagues d&#8217;enthousiasme vers votre site web et propulsant votre entreprise vers de nouveaux sommets.<\/li>\n<\/ol>\n\n\n\n<p><strong>Laissez la magie d&#8217;un Community Manager sublimer votre pr\u00e9sence en ligne et propulser votre entreprise vers l&#8217;excellence !&#8221;<\/strong><\/p>\n","protected":false},"excerpt":{"rendered":"<p>Laissez la magie d&#8217;un Community Manager sublimer votre pr\u00e9sence en ligne et propulser votre entreprise vers l&#8217;excellence !&#8221;<\/p>\n","protected":false},"author":1,"featured_media":0,"parent":0,"menu_order":0,"comment_status":"closed","ping_status":"open","template":"","meta":{"footnotes":""},"class_list":["post-2","page","type-page","status-publish","hentry"],"_links":{"self":[{"href":"https:\/\/kdnetworksolutions.eu\/index.php\/wp-json\/wp\/v2\/pages\/2","targetHints":{"allow":["GET"]}}],"collection":[{"href":"https:\/\/kdnetworksolutions.eu\/index.php\/wp-json\/wp\/v2\/pages"}],"about":[{"href":"https:\/\/kdnetworksolutions.eu\/index.php\/wp-json\/wp\/v2\/types\/page"}],"author":[{"embeddable":true,"href":"https:\/\/kdnetworksolutions.eu\/index.php\/wp-json\/wp\/v2\/users\/1"}],"replies":[{"embeddable":true,"href":"https:\/\/kdnetworksolutions.eu\/index.php\/wp-json\/wp\/v2\/comments?post=2"}],"version-history":[{"count":1,"href":"https:\/\/kdnetworksolutions.eu\/index.php\/wp-json\/wp\/v2\/pages\/2\/revisions"}],"predecessor-version":[{"id":36,"href":"https:\/\/kdnetworksolutions.eu\/index.php\/wp-json\/wp\/v2\/pages\/2\/revisions\/36"}],"wp:attachment":[{"href":"https:\/\/kdnetworksolutions.eu\/index.php\/wp-json\/wp\/v2\/media?parent=2"}],"curies":[{"name":"wp","href":"https:\/\/api.w.org\/{rel}","templated":true}]}}